{"id":9429,"date":"2025-02-25T10:15:40","date_gmt":"2025-02-25T10:15:40","guid":{"rendered":"https:\/\/ardsystem.sk\/produkt\/production-of-an-advertising-board\/"},"modified":"2026-02-05T10:46:22","modified_gmt":"2026-02-05T10:46:22","slug":"production-of-an-advertising-board","status":"publish","type":"product","link":"https:\/\/ardsystem.sk\/en\/public-space\/production-of-an-advertising-board\/","title":{"rendered":"Production of an advertising board"},"featured_media":9433,"template":"","class_list":["post-9429","product","type-product","status-publish","has-post-thumbnail","hentry","kategoria-produktov-custom-made","kategoria-produktov-custom-made-en"],"acf":[],"yoast_head":"<!-- This site is optimized with the Yoast SEO plugin v26.9 - https:\/\/yoast.com\/product\/yoast-seo-wordpress\/ -->\n<title>Customised advertising boards \u2013 illuminated logos &amp; stickers<\/title>\n<meta name=\"description\" content=\"Professional branding of tailor-made stores \u2013 from design to implementation. Backlit logos, signs, billboards and stickers = a visual identity that will attract customers.\" \/>\n<meta name=\"robots\" content=\"index, follow, max-snippet:-1, max-image-preview:large, max-video-preview:-1\" \/>\n<link rel=\"canonical\" href=\"https:\/\/ardsystem.sk\/en\/public-space\/production-of-an-advertising-board\/\" \/>\n<meta property=\"og:locale\" content=\"en_US\" \/>\n<meta property=\"og:type\" content=\"article\" \/>\n<meta property=\"og:title\" content=\"Customised advertising boards \u2013 illuminated logos &amp; stickers\" \/>\n<meta property=\"og:description\" content=\"Professional branding of tailor-made stores \u2013 from design to implementation. Backlit logos, signs, billboards and stickers = a visual identity that will attract customers.\" \/>\n<meta property=\"og:url\" content=\"https:\/\/ardsystem.sk\/en\/public-space\/production-of-an-advertising-board\/\" \/>\n<meta property=\"og:site_name\" content=\"ARDSYST\u00c9M\" \/>\n<meta property=\"article:publisher\" content=\"https:\/\/www.facebook.com\/funkcnyMarketing\" \/>\n<meta property=\"article:modified_time\" content=\"2026-02-05T10:46:22+00:00\" \/>\n<meta property=\"og:image\" content=\"https:\/\/ardsystem.sk\/wp-content\/uploads\/2025\/02\/reklamna-tabula-navan.jpg\" \/>\n\t<meta property=\"og:image:width\" content=\"715\" \/>\n\t<meta property=\"og:image:height\" content=\"898\" \/>\n\t<meta property=\"og:image:type\" content=\"image\/jpeg\" \/>\n<meta name=\"twitter:card\" content=\"summary_large_image\" \/>\n<meta name=\"twitter:label1\" content=\"Est. reading time\" \/>\n\t<meta name=\"twitter:data1\" content=\"1 minute\" \/>\n<script type=\"application\/ld+json\" class=\"yoast-schema-graph\">{\"@context\":\"https:\/\/schema.org\",\"@graph\":[{\"@type\":\"WebPage\",\"@id\":\"https:\/\/ardsystem.sk\/en\/public-space\/production-of-an-advertising-board\/\",\"url\":\"https:\/\/ardsystem.sk\/en\/public-space\/production-of-an-advertising-board\/\",\"name\":\"Customised advertising boards \u2013 illuminated logos & stickers\",\"isPartOf\":{\"@id\":\"https:\/\/ardsystem.sk\/en\/#website\"},\"primaryImageOfPage\":{\"@id\":\"https:\/\/ardsystem.sk\/en\/public-space\/production-of-an-advertising-board\/#primaryimage\"},\"image\":{\"@id\":\"https:\/\/ardsystem.sk\/en\/public-space\/production-of-an-advertising-board\/#primaryimage\"},\"thumbnailUrl\":\"https:\/\/ardsystem.sk\/wp-content\/uploads\/2025\/02\/reklamna-tabula-navan.jpg\",\"datePublished\":\"2025-02-25T10:15:40+00:00\",\"dateModified\":\"2026-02-05T10:46:22+00:00\",\"description\":\"Professional branding of tailor-made stores \u2013 from design to implementation. Backlit logos, signs, billboards and stickers = a visual identity that will attract customers.\",\"breadcrumb\":{\"@id\":\"https:\/\/ardsystem.sk\/en\/public-space\/production-of-an-advertising-board\/#breadcrumb\"},\"inLanguage\":\"en-US\",\"potentialAction\":[{\"@type\":\"ReadAction\",\"target\":[\"https:\/\/ardsystem.sk\/en\/public-space\/production-of-an-advertising-board\/\"]}]},{\"@type\":\"ImageObject\",\"inLanguage\":\"en-US\",\"@id\":\"https:\/\/ardsystem.sk\/en\/public-space\/production-of-an-advertising-board\/#primaryimage\",\"url\":\"https:\/\/ardsystem.sk\/wp-content\/uploads\/2025\/02\/reklamna-tabula-navan.jpg\",\"contentUrl\":\"https:\/\/ardsystem.sk\/wp-content\/uploads\/2025\/02\/reklamna-tabula-navan.jpg\",\"width\":715,\"height\":898},{\"@type\":\"BreadcrumbList\",\"@id\":\"https:\/\/ardsystem.sk\/en\/public-space\/production-of-an-advertising-board\/#breadcrumb\",\"itemListElement\":[{\"@type\":\"ListItem\",\"position\":1,\"name\":\"Verejn\u00fd priestor\",\"item\":\"https:\/\/ardsystem.sk\/en\/product\/\"},{\"@type\":\"ListItem\",\"position\":2,\"name\":\"Custom-made\",\"item\":\"https:\/\/ardsystem.sk\/en\/public-space\/custom-made\/\"},{\"@type\":\"ListItem\",\"position\":3,\"name\":\"Custom-made\",\"item\":\"https:\/\/ardsystem.sk\/en\/public-space\/custom-made\/custom-made-en\/\"},{\"@type\":\"ListItem\",\"position\":4,\"name\":\"Production of an advertising board\"}]},{\"@type\":\"WebSite\",\"@id\":\"https:\/\/ardsystem.sk\/en\/#website\",\"url\":\"https:\/\/ardsystem.sk\/en\/\",\"name\":\"ARDSYST\u00c9M\",\"description\":\"Mestsk\u00fd mobili\u00e1r pre modern\u00e9 mesto\",\"publisher\":{\"@id\":\"https:\/\/ardsystem.sk\/en\/#organization\"},\"potentialAction\":[{\"@type\":\"SearchAction\",\"target\":{\"@type\":\"EntryPoint\",\"urlTemplate\":\"https:\/\/ardsystem.sk\/en\/?s={search_term_string}\"},\"query-input\":{\"@type\":\"PropertyValueSpecification\",\"valueRequired\":true,\"valueName\":\"search_term_string\"}}],\"inLanguage\":\"en-US\"},{\"@type\":\"Organization\",\"@id\":\"https:\/\/ardsystem.sk\/en\/#organization\",\"name\":\"ARDSYST\u00c9M\",\"url\":\"https:\/\/ardsystem.sk\/en\/\",\"logo\":{\"@type\":\"ImageObject\",\"inLanguage\":\"en-US\",\"@id\":\"https:\/\/ardsystem.sk\/en\/#\/schema\/logo\/image\/\",\"url\":\"https:\/\/ardsystem.sk\/wp-content\/uploads\/2023\/06\/cropped-favicon-04.png\",\"contentUrl\":\"https:\/\/ardsystem.sk\/wp-content\/uploads\/2023\/06\/cropped-favicon-04.png\",\"width\":512,\"height\":512,\"caption\":\"ARDSYST\u00c9M\"},\"image\":{\"@id\":\"https:\/\/ardsystem.sk\/en\/#\/schema\/logo\/image\/\"},\"sameAs\":[\"https:\/\/www.facebook.com\/funkcnyMarketing\",\"https:\/\/www.youtube.com\/channel\/UC6cTMpbFgeq7TUjb0pTCoJw\"]}]}<\/script>\n<!-- \/ Yoast SEO plugin. -->","yoast_head_json":{"title":"Customised advertising boards \u2013 illuminated logos & stickers","description":"Professional branding of tailor-made stores \u2013 from design to implementation. Backlit logos, signs, billboards and stickers = a visual identity that will attract customers.","robots":{"index":"index","follow":"follow","max-snippet":"max-snippet:-1","max-image-preview":"max-image-preview:large","max-video-preview":"max-video-preview:-1"},"canonical":"https:\/\/ardsystem.sk\/en\/public-space\/production-of-an-advertising-board\/","og_locale":"en_US","og_type":"article","og_title":"Customised advertising boards \u2013 illuminated logos & stickers","og_description":"Professional branding of tailor-made stores \u2013 from design to implementation. Backlit logos, signs, billboards and stickers = a visual identity that will attract customers.","og_url":"https:\/\/ardsystem.sk\/en\/public-space\/production-of-an-advertising-board\/","og_site_name":"ARDSYST\u00c9M","article_publisher":"https:\/\/www.facebook.com\/funkcnyMarketing","article_modified_time":"2026-02-05T10:46:22+00:00","og_image":[{"width":715,"height":898,"url":"https:\/\/ardsystem.sk\/wp-content\/uploads\/2025\/02\/reklamna-tabula-navan.jpg","type":"image\/jpeg"}],"twitter_card":"summary_large_image","twitter_misc":{"Est. reading time":"1 minute"},"schema":{"@context":"https:\/\/schema.org","@graph":[{"@type":"WebPage","@id":"https:\/\/ardsystem.sk\/en\/public-space\/production-of-an-advertising-board\/","url":"https:\/\/ardsystem.sk\/en\/public-space\/production-of-an-advertising-board\/","name":"Customised advertising boards \u2013 illuminated logos & stickers","isPartOf":{"@id":"https:\/\/ardsystem.sk\/en\/#website"},"primaryImageOfPage":{"@id":"https:\/\/ardsystem.sk\/en\/public-space\/production-of-an-advertising-board\/#primaryimage"},"image":{"@id":"https:\/\/ardsystem.sk\/en\/public-space\/production-of-an-advertising-board\/#primaryimage"},"thumbnailUrl":"https:\/\/ardsystem.sk\/wp-content\/uploads\/2025\/02\/reklamna-tabula-navan.jpg","datePublished":"2025-02-25T10:15:40+00:00","dateModified":"2026-02-05T10:46:22+00:00","description":"Professional branding of tailor-made stores \u2013 from design to implementation. Backlit logos, signs, billboards and stickers = a visual identity that will attract customers.","breadcrumb":{"@id":"https:\/\/ardsystem.sk\/en\/public-space\/production-of-an-advertising-board\/#breadcrumb"},"inLanguage":"en-US","potentialAction":[{"@type":"ReadAction","target":["https:\/\/ardsystem.sk\/en\/public-space\/production-of-an-advertising-board\/"]}]},{"@type":"ImageObject","inLanguage":"en-US","@id":"https:\/\/ardsystem.sk\/en\/public-space\/production-of-an-advertising-board\/#primaryimage","url":"https:\/\/ardsystem.sk\/wp-content\/uploads\/2025\/02\/reklamna-tabula-navan.jpg","contentUrl":"https:\/\/ardsystem.sk\/wp-content\/uploads\/2025\/02\/reklamna-tabula-navan.jpg","width":715,"height":898},{"@type":"BreadcrumbList","@id":"https:\/\/ardsystem.sk\/en\/public-space\/production-of-an-advertising-board\/#breadcrumb","itemListElement":[{"@type":"ListItem","position":1,"name":"Verejn\u00fd priestor","item":"https:\/\/ardsystem.sk\/en\/product\/"},{"@type":"ListItem","position":2,"name":"Custom-made","item":"https:\/\/ardsystem.sk\/en\/public-space\/custom-made\/"},{"@type":"ListItem","position":3,"name":"Custom-made","item":"https:\/\/ardsystem.sk\/en\/public-space\/custom-made\/custom-made-en\/"},{"@type":"ListItem","position":4,"name":"Production of an advertising board"}]},{"@type":"WebSite","@id":"https:\/\/ardsystem.sk\/en\/#website","url":"https:\/\/ardsystem.sk\/en\/","name":"ARDSYST\u00c9M","description":"Mestsk\u00fd mobili\u00e1r pre modern\u00e9 mesto","publisher":{"@id":"https:\/\/ardsystem.sk\/en\/#organization"},"potentialAction":[{"@type":"SearchAction","target":{"@type":"EntryPoint","urlTemplate":"https:\/\/ardsystem.sk\/en\/?s={search_term_string}"},"query-input":{"@type":"PropertyValueSpecification","valueRequired":true,"valueName":"search_term_string"}}],"inLanguage":"en-US"},{"@type":"Organization","@id":"https:\/\/ardsystem.sk\/en\/#organization","name":"ARDSYST\u00c9M","url":"https:\/\/ardsystem.sk\/en\/","logo":{"@type":"ImageObject","inLanguage":"en-US","@id":"https:\/\/ardsystem.sk\/en\/#\/schema\/logo\/image\/","url":"https:\/\/ardsystem.sk\/wp-content\/uploads\/2023\/06\/cropped-favicon-04.png","contentUrl":"https:\/\/ardsystem.sk\/wp-content\/uploads\/2023\/06\/cropped-favicon-04.png","width":512,"height":512,"caption":"ARDSYST\u00c9M"},"image":{"@id":"https:\/\/ardsystem.sk\/en\/#\/schema\/logo\/image\/"},"sameAs":["https:\/\/www.facebook.com\/funkcnyMarketing","https:\/\/www.youtube.com\/channel\/UC6cTMpbFgeq7TUjb0pTCoJw"]}]}},"_links":{"self":[{"href":"https:\/\/ardsystem.sk\/en\/wp-json\/wp\/v2\/product\/9429","targetHints":{"allow":["GET"]}}],"collection":[{"href":"https:\/\/ardsystem.sk\/en\/wp-json\/wp\/v2\/product"}],"about":[{"href":"https:\/\/ardsystem.sk\/en\/wp-json\/wp\/v2\/types\/product"}],"wp:featuredmedia":[{"embeddable":true,"href":"https:\/\/ardsystem.sk\/en\/wp-json\/wp\/v2\/media\/9433"}],"wp:attachment":[{"href":"https:\/\/ardsystem.sk\/en\/wp-json\/wp\/v2\/media?parent=9429"}],"curies":[{"name":"wp","href":"https:\/\/api.w.org\/{rel}","templated":true}]}}