{"id":9646,"date":"2022-10-19T12:41:43","date_gmt":"2022-10-19T12:41:43","guid":{"rendered":"https:\/\/ardsystem.sk\/produkt\/autobusova-zastavka\/"},"modified":"2026-03-24T12:39:51","modified_gmt":"2026-03-24T12:39:51","slug":"autobusova-zastavka","status":"publish","type":"product","link":"https:\/\/ardsystem.sk\/cs\/autobusove-cekarny-a-pristresky\/","title":{"rendered":"Autobusov\u00e9 \u010dek\u00e1rny a p\u0159\u00edst\u0159e\u0161ky"},"featured_media":9651,"template":"","class_list":["post-9646","product","type-product","status-publish","has-post-thumbnail","hentry","kategoria-produktov-mestsky-mobiliar","kategoria-produktov-pristresky-wood-story-cs","kategoria-produktov-pristresky-pristresky-cs","kategoria-produktov-produkty-mestskeho-mobiliare","kategoria-produktov-wood-story-cs"],"acf":[],"yoast_head":"<!-- This site is optimized with the Yoast SEO plugin v26.9 - https:\/\/yoast.com\/product\/yoast-seo-wordpress\/ -->\n<title>Autobusov\u00e9 p\u0159\u00edst\u0159e\u0161ky a \u010dek\u00e1rny \u2013 Sysard<\/title>\n<meta name=\"description\" content=\"Autobusov\u00e9 p\u0159\u00edst\u0159e\u0161ky a autobusov\u00e9 \u010dek\u00e1rny od Sysard - modern\u00ed \u0159e\u0161en\u00ed pro m\u011bsta i obce. S mo\u017enost\u00ed \u00faprav na m\u00edru pro ve\u0159ejnou dopravu.\" \/>\n<meta name=\"robots\" content=\"index, follow, max-snippet:-1, max-image-preview:large, max-video-preview:-1\" \/>\n<link rel=\"canonical\" href=\"https:\/\/ardsystem.sk\/cs\/autobusove-cekarny-a-pristresky\/\" \/>\n<meta property=\"og:locale\" content=\"cs_CZ\" \/>\n<meta property=\"og:type\" content=\"article\" \/>\n<meta property=\"og:title\" content=\"Autobusov\u00e9 p\u0159\u00edst\u0159e\u0161ky a \u010dek\u00e1rny \u2013 Sysard\" \/>\n<meta property=\"og:description\" content=\"Autobusov\u00e9 p\u0159\u00edst\u0159e\u0161ky a autobusov\u00e9 \u010dek\u00e1rny od Sysard - modern\u00ed \u0159e\u0161en\u00ed pro m\u011bsta i obce. S mo\u017enost\u00ed \u00faprav na m\u00edru pro ve\u0159ejnou dopravu.\" \/>\n<meta property=\"og:url\" content=\"https:\/\/ardsystem.sk\/cs\/autobusove-cekarny-a-pristresky\/\" \/>\n<meta property=\"og:site_name\" content=\"ARDSYST\u00c9M\" \/>\n<meta property=\"article:publisher\" content=\"https:\/\/www.facebook.com\/funkcnyMarketing\" \/>\n<meta property=\"article:modified_time\" content=\"2026-03-24T12:39:51+00:00\" \/>\n<meta property=\"og:image\" content=\"https:\/\/ardsystem.sk\/wp-content\/uploads\/2022\/09\/autobusovy-pristresok-3.jpg\" \/>\n\t<meta property=\"og:image:width\" content=\"1920\" \/>\n\t<meta property=\"og:image:height\" content=\"1920\" \/>\n\t<meta property=\"og:image:type\" content=\"image\/jpeg\" \/>\n<meta name=\"twitter:card\" content=\"summary_large_image\" \/>\n<meta name=\"twitter:label1\" content=\"Odhadovan\u00e1 doba \u010dten\u00ed\" \/>\n\t<meta name=\"twitter:data1\" content=\"1 minuta\" \/>\n<script type=\"application\/ld+json\" class=\"yoast-schema-graph\">{\"@context\":\"https:\/\/schema.org\",\"@graph\":[{\"@type\":\"WebPage\",\"@id\":\"https:\/\/ardsystem.sk\/cs\/autobusove-cekarny-a-pristresky\/\",\"url\":\"https:\/\/ardsystem.sk\/cs\/autobusove-cekarny-a-pristresky\/\",\"name\":\"Autobusov\u00e9 p\u0159\u00edst\u0159e\u0161ky a \u010dek\u00e1rny \u2013 Sysard\",\"isPartOf\":{\"@id\":\"https:\/\/ardsystem.sk\/cs\/#website\"},\"primaryImageOfPage\":{\"@id\":\"https:\/\/ardsystem.sk\/cs\/autobusove-cekarny-a-pristresky\/#primaryimage\"},\"image\":{\"@id\":\"https:\/\/ardsystem.sk\/cs\/autobusove-cekarny-a-pristresky\/#primaryimage\"},\"thumbnailUrl\":\"https:\/\/ardsystem.sk\/wp-content\/uploads\/2022\/09\/autobusovy-pristresok-3.jpg\",\"datePublished\":\"2022-10-19T12:41:43+00:00\",\"dateModified\":\"2026-03-24T12:39:51+00:00\",\"description\":\"Autobusov\u00e9 p\u0159\u00edst\u0159e\u0161ky a autobusov\u00e9 \u010dek\u00e1rny od Sysard - modern\u00ed \u0159e\u0161en\u00ed pro m\u011bsta i obce. S mo\u017enost\u00ed \u00faprav na m\u00edru pro ve\u0159ejnou dopravu.\",\"breadcrumb\":{\"@id\":\"https:\/\/ardsystem.sk\/cs\/autobusove-cekarny-a-pristresky\/#breadcrumb\"},\"inLanguage\":\"cs\",\"potentialAction\":[{\"@type\":\"ReadAction\",\"target\":[\"https:\/\/ardsystem.sk\/cs\/autobusove-cekarny-a-pristresky\/\"]}]},{\"@type\":\"ImageObject\",\"inLanguage\":\"cs\",\"@id\":\"https:\/\/ardsystem.sk\/cs\/autobusove-cekarny-a-pristresky\/#primaryimage\",\"url\":\"https:\/\/ardsystem.sk\/wp-content\/uploads\/2022\/09\/autobusovy-pristresok-3.jpg\",\"contentUrl\":\"https:\/\/ardsystem.sk\/wp-content\/uploads\/2022\/09\/autobusovy-pristresok-3.jpg\",\"width\":1920,\"height\":1920,\"caption\":\"zast\u00e1vka\"},{\"@type\":\"BreadcrumbList\",\"@id\":\"https:\/\/ardsystem.sk\/cs\/autobusove-cekarny-a-pristresky\/#breadcrumb\",\"itemListElement\":[{\"@type\":\"ListItem\",\"position\":1,\"name\":\"Verejn\u00fd priestor\",\"item\":\"https:\/\/ardsystem.sk\/cs\/produkt\/\"},{\"@type\":\"ListItem\",\"position\":2,\"name\":\"M\u011bstsk\u00fd mobili\u00e1\u0159\",\"item\":\"https:\/\/ardsystem.sk\/cs\/verejny-prostor\/mestsky-mobiliar\/\"},{\"@type\":\"ListItem\",\"position\":3,\"name\":\"Autobusov\u00e9 \u010dek\u00e1rny a p\u0159\u00edst\u0159e\u0161ky\"}]},{\"@type\":\"WebSite\",\"@id\":\"https:\/\/ardsystem.sk\/cs\/#website\",\"url\":\"https:\/\/ardsystem.sk\/cs\/\",\"name\":\"ARDSYST\u00c9M\",\"description\":\"Mestsk\u00fd mobili\u00e1r pre modern\u00e9 mesto\",\"publisher\":{\"@id\":\"https:\/\/ardsystem.sk\/cs\/#organization\"},\"potentialAction\":[{\"@type\":\"SearchAction\",\"target\":{\"@type\":\"EntryPoint\",\"urlTemplate\":\"https:\/\/ardsystem.sk\/cs\/?s={search_term_string}\"},\"query-input\":{\"@type\":\"PropertyValueSpecification\",\"valueRequired\":true,\"valueName\":\"search_term_string\"}}],\"inLanguage\":\"cs\"},{\"@type\":\"Organization\",\"@id\":\"https:\/\/ardsystem.sk\/cs\/#organization\",\"name\":\"ARDSYST\u00c9M\",\"url\":\"https:\/\/ardsystem.sk\/cs\/\",\"logo\":{\"@type\":\"ImageObject\",\"inLanguage\":\"cs\",\"@id\":\"https:\/\/ardsystem.sk\/cs\/#\/schema\/logo\/image\/\",\"url\":\"https:\/\/ardsystem.sk\/wp-content\/uploads\/2023\/06\/cropped-favicon-04.png\",\"contentUrl\":\"https:\/\/ardsystem.sk\/wp-content\/uploads\/2023\/06\/cropped-favicon-04.png\",\"width\":512,\"height\":512,\"caption\":\"ARDSYST\u00c9M\"},\"image\":{\"@id\":\"https:\/\/ardsystem.sk\/cs\/#\/schema\/logo\/image\/\"},\"sameAs\":[\"https:\/\/www.facebook.com\/funkcnyMarketing\",\"https:\/\/www.youtube.com\/channel\/UC6cTMpbFgeq7TUjb0pTCoJw\"]}]}<\/script>\n<!-- \/ Yoast SEO plugin. -->","yoast_head_json":{"title":"Autobusov\u00e9 p\u0159\u00edst\u0159e\u0161ky a \u010dek\u00e1rny \u2013 Sysard","description":"Autobusov\u00e9 p\u0159\u00edst\u0159e\u0161ky a autobusov\u00e9 \u010dek\u00e1rny od Sysard - modern\u00ed \u0159e\u0161en\u00ed pro m\u011bsta i obce. S mo\u017enost\u00ed \u00faprav na m\u00edru pro ve\u0159ejnou dopravu.","robots":{"index":"index","follow":"follow","max-snippet":"max-snippet:-1","max-image-preview":"max-image-preview:large","max-video-preview":"max-video-preview:-1"},"canonical":"https:\/\/ardsystem.sk\/cs\/autobusove-cekarny-a-pristresky\/","og_locale":"cs_CZ","og_type":"article","og_title":"Autobusov\u00e9 p\u0159\u00edst\u0159e\u0161ky a \u010dek\u00e1rny \u2013 Sysard","og_description":"Autobusov\u00e9 p\u0159\u00edst\u0159e\u0161ky a autobusov\u00e9 \u010dek\u00e1rny od Sysard - modern\u00ed \u0159e\u0161en\u00ed pro m\u011bsta i obce. S mo\u017enost\u00ed \u00faprav na m\u00edru pro ve\u0159ejnou dopravu.","og_url":"https:\/\/ardsystem.sk\/cs\/autobusove-cekarny-a-pristresky\/","og_site_name":"ARDSYST\u00c9M","article_publisher":"https:\/\/www.facebook.com\/funkcnyMarketing","article_modified_time":"2026-03-24T12:39:51+00:00","og_image":[{"width":1920,"height":1920,"url":"https:\/\/ardsystem.sk\/wp-content\/uploads\/2022\/09\/autobusovy-pristresok-3.jpg","type":"image\/jpeg"}],"twitter_card":"summary_large_image","twitter_misc":{"Odhadovan\u00e1 doba \u010dten\u00ed":"1 minuta"},"schema":{"@context":"https:\/\/schema.org","@graph":[{"@type":"WebPage","@id":"https:\/\/ardsystem.sk\/cs\/autobusove-cekarny-a-pristresky\/","url":"https:\/\/ardsystem.sk\/cs\/autobusove-cekarny-a-pristresky\/","name":"Autobusov\u00e9 p\u0159\u00edst\u0159e\u0161ky a \u010dek\u00e1rny \u2013 Sysard","isPartOf":{"@id":"https:\/\/ardsystem.sk\/cs\/#website"},"primaryImageOfPage":{"@id":"https:\/\/ardsystem.sk\/cs\/autobusove-cekarny-a-pristresky\/#primaryimage"},"image":{"@id":"https:\/\/ardsystem.sk\/cs\/autobusove-cekarny-a-pristresky\/#primaryimage"},"thumbnailUrl":"https:\/\/ardsystem.sk\/wp-content\/uploads\/2022\/09\/autobusovy-pristresok-3.jpg","datePublished":"2022-10-19T12:41:43+00:00","dateModified":"2026-03-24T12:39:51+00:00","description":"Autobusov\u00e9 p\u0159\u00edst\u0159e\u0161ky a autobusov\u00e9 \u010dek\u00e1rny od Sysard - modern\u00ed \u0159e\u0161en\u00ed pro m\u011bsta i obce. S mo\u017enost\u00ed \u00faprav na m\u00edru pro ve\u0159ejnou dopravu.","breadcrumb":{"@id":"https:\/\/ardsystem.sk\/cs\/autobusove-cekarny-a-pristresky\/#breadcrumb"},"inLanguage":"cs","potentialAction":[{"@type":"ReadAction","target":["https:\/\/ardsystem.sk\/cs\/autobusove-cekarny-a-pristresky\/"]}]},{"@type":"ImageObject","inLanguage":"cs","@id":"https:\/\/ardsystem.sk\/cs\/autobusove-cekarny-a-pristresky\/#primaryimage","url":"https:\/\/ardsystem.sk\/wp-content\/uploads\/2022\/09\/autobusovy-pristresok-3.jpg","contentUrl":"https:\/\/ardsystem.sk\/wp-content\/uploads\/2022\/09\/autobusovy-pristresok-3.jpg","width":1920,"height":1920,"caption":"zast\u00e1vka"},{"@type":"BreadcrumbList","@id":"https:\/\/ardsystem.sk\/cs\/autobusove-cekarny-a-pristresky\/#breadcrumb","itemListElement":[{"@type":"ListItem","position":1,"name":"Verejn\u00fd priestor","item":"https:\/\/ardsystem.sk\/cs\/produkt\/"},{"@type":"ListItem","position":2,"name":"M\u011bstsk\u00fd mobili\u00e1\u0159","item":"https:\/\/ardsystem.sk\/cs\/verejny-prostor\/mestsky-mobiliar\/"},{"@type":"ListItem","position":3,"name":"Autobusov\u00e9 \u010dek\u00e1rny a p\u0159\u00edst\u0159e\u0161ky"}]},{"@type":"WebSite","@id":"https:\/\/ardsystem.sk\/cs\/#website","url":"https:\/\/ardsystem.sk\/cs\/","name":"ARDSYST\u00c9M","description":"Mestsk\u00fd mobili\u00e1r pre modern\u00e9 mesto","publisher":{"@id":"https:\/\/ardsystem.sk\/cs\/#organization"},"potentialAction":[{"@type":"SearchAction","target":{"@type":"EntryPoint","urlTemplate":"https:\/\/ardsystem.sk\/cs\/?s={search_term_string}"},"query-input":{"@type":"PropertyValueSpecification","valueRequired":true,"valueName":"search_term_string"}}],"inLanguage":"cs"},{"@type":"Organization","@id":"https:\/\/ardsystem.sk\/cs\/#organization","name":"ARDSYST\u00c9M","url":"https:\/\/ardsystem.sk\/cs\/","logo":{"@type":"ImageObject","inLanguage":"cs","@id":"https:\/\/ardsystem.sk\/cs\/#\/schema\/logo\/image\/","url":"https:\/\/ardsystem.sk\/wp-content\/uploads\/2023\/06\/cropped-favicon-04.png","contentUrl":"https:\/\/ardsystem.sk\/wp-content\/uploads\/2023\/06\/cropped-favicon-04.png","width":512,"height":512,"caption":"ARDSYST\u00c9M"},"image":{"@id":"https:\/\/ardsystem.sk\/cs\/#\/schema\/logo\/image\/"},"sameAs":["https:\/\/www.facebook.com\/funkcnyMarketing","https:\/\/www.youtube.com\/channel\/UC6cTMpbFgeq7TUjb0pTCoJw"]}]}},"_links":{"self":[{"href":"https:\/\/ardsystem.sk\/cs\/wp-json\/wp\/v2\/product\/9646","targetHints":{"allow":["GET"]}}],"collection":[{"href":"https:\/\/ardsystem.sk\/cs\/wp-json\/wp\/v2\/product"}],"about":[{"href":"https:\/\/ardsystem.sk\/cs\/wp-json\/wp\/v2\/types\/product"}],"wp:featuredmedia":[{"embeddable":true,"href":"https:\/\/ardsystem.sk\/cs\/wp-json\/wp\/v2\/media\/9651"}],"wp:attachment":[{"href":"https:\/\/ardsystem.sk\/cs\/wp-json\/wp\/v2\/media?parent=9646"}],"curies":[{"name":"wp","href":"https:\/\/api.w.org\/{rel}","templated":true}]}}